{"id":1790,"date":"2001-04-03T15:13:24","date_gmt":"2001-04-03T22:13:24","guid":{"rendered":"https:\/\/lenrooney.com\/?post_type=product&#038;p=1790"},"modified":"2024-09-04T20:17:33","modified_gmt":"2024-09-05T03:17:33","slug":"isle-saint-louis-prints","status":"publish","type":"product","link":"https:\/\/lenrooney.com\/wp\/shop\/isle-saint-louis-prints\/","title":{"rendered":"Isle Saint Louis &#8211; Prints"},"content":{"rendered":"<p><strong>Isle Saint Louis<\/strong> &#8211; 2001. Acrylic on canvas. Original painting size: 16&#8243; x 12&#8243; (40.6<span class=\"Apple-converted-space\">\u00a0 <\/span>x 30.5 cm)<\/p>\n<p>In 2000, Caf\u00e9 Isle Saint Louis was one of the highly visible caf\u00e9s on Ile St-Louis, which is generally considered to be the oldest part of Paris. It has since been renamed, Caf\u00e9 Isle Saint Regis. People sitting here can still look across the Seine River to the second, larger island, Ile de la Cit\u00e9 and Notre Dame Cathedral.<\/p>\n<p><strong>Limited Edition Prints<br \/>\n<\/strong>This Edition is limited to 100 signed and numbered prints and comes with a certificate of authenticity.<\/p>\n<p>Limited Edition Prints are available on stretched canvas, rolled canvas, fine art rag paper or photographic paper sized, 16&#8243; x 12&#8243; (40.6<span class=\"Apple-converted-space\">\u00a0 <\/span>x 30.5 cm) (the original painting size).<\/p>\n<p><strong>Open Edition Small Inkjet Poster<br \/>\n<\/strong>Small Posters are offered as a more affordable option to Limited Edition Prints. Open Edition simply means these prints are unsigned and unnumbered with no limits on how many can be printed and sold.<\/p>\n<p>This image is also available as an Open Edition Small Inkjet Posters, which are high quality Inkjet prints laid out on a standard size, 19&#8243; x 13&#8243; (48.3 x 33 cm) \u00a0(A3+), satin finish, photographic paper sheet. They include the artwork image with a title\/artist line below. This option offers a very high quality image with great lightfastness and archival paper qualities.<\/p>\n<p>Now also available in a half-size 13&#8243; x 9.5&#8243; (33 x 24.1 cm) format.<\/p>\n","protected":false},"excerpt":{"rendered":"<p>Isle Saint Louis &#8211; 2001. Acrylic on canvas. Original painting size: 16&#8243; x 12&#8243; (40.6\u00a0 x 30.5 cm) In 2000, Caf\u00e9 Isle Saint Louis was one of the highly visible caf\u00e9s on Ile St-Louis, which is generally considered to be the oldest part of Paris. It has since been renamed, Caf\u00e9 Isle Saint Regis. People<a class=\"excerpt-read-more\" href=\"https:\/\/lenrooney.com\/wp\/shop\/isle-saint-louis-prints\/\" title=\"ReadIsle Saint Louis &#8211; Prints\">&#8230; Read more &raquo;<\/a><\/p>\n","protected":false},"featured_media":699,"comment_status":"open","ping_status":"closed","template":"","meta":[],"product_cat":[50,51,55],"product_tag":[],"class_list":{"0":"post-1790","1":"product","2":"type-product","3":"status-publish","4":"has-post-thumbnail","6":"product_cat-city-scenes","7":"product_cat-europe","8":"product_cat-people-portaits","10":"first","11":"instock","12":"taxable","13":"shipping-taxable","14":"purchasable","15":"product-type-variable"},"yoast_head":"<!-- This site is optimized with the Yoast SEO plugin v27.3 - https:\/\/yoast.com\/product\/yoast-seo-wordpress\/ -->\n<title>Isle Saint Louis - Prints - Leonard Rooney<\/title>\n<meta name=\"robots\" content=\"index, follow, max-snippet:-1, max-image-preview:large, max-video-preview:-1\" \/>\n<link rel=\"canonical\" href=\"https:\/\/lenrooney.com\/wp\/shop\/isle-saint-louis-prints\/\" \/>\n<meta property=\"og:locale\" content=\"en_US\" \/>\n<meta property=\"og:type\" content=\"article\" \/>\n<meta property=\"og:title\" content=\"Isle Saint Louis - Prints - Leonard Rooney\" \/>\n<meta property=\"og:description\" content=\"Isle Saint Louis &#8211; 2001. Acrylic on canvas. Original painting size: 16&#8243; x 12&#8243; (40.6\u00a0 x 30.5 cm) In 2000, Caf\u00e9 Isle Saint Louis was one of the highly visible caf\u00e9s on Ile St-Louis, which is generally considered to be the oldest part of Paris. It has since been renamed, Caf\u00e9 Isle Saint Regis. People... Read more &raquo;\" \/>\n<meta property=\"og:url\" content=\"https:\/\/lenrooney.com\/wp\/shop\/isle-saint-louis-prints\/\" \/>\n<meta property=\"og:site_name\" content=\"Leonard Rooney\" \/>\n<meta property=\"article:modified_time\" content=\"2024-09-05T03:17:33+00:00\" \/>\n<meta property=\"og:image\" content=\"https:\/\/lenrooney.com\/wp\/wp-content\/uploads\/2020\/04\/IsleSaintLouis-1200.jpg\" \/>\n\t<meta property=\"og:image:width\" content=\"1200\" \/>\n\t<meta property=\"og:image:height\" content=\"900\" \/>\n\t<meta property=\"og:image:type\" content=\"image\/jpeg\" \/>\n<meta name=\"twitter:card\" content=\"summary_large_image\" \/>\n<meta name=\"twitter:label1\" content=\"Est. reading time\" \/>\n\t<meta name=\"twitter:data1\" content=\"2 minutes\" \/>\n<script type=\"application\/ld+json\" class=\"yoast-schema-graph\">{\"@context\":\"https:\\\/\\\/schema.org\",\"@graph\":[{\"@type\":\"WebPage\",\"@id\":\"https:\\\/\\\/lenrooney.com\\\/wp\\\/shop\\\/isle-saint-louis-prints\\\/\",\"url\":\"https:\\\/\\\/lenrooney.com\\\/wp\\\/shop\\\/isle-saint-louis-prints\\\/\",\"name\":\"Isle Saint Louis - Prints - Leonard Rooney\",\"isPartOf\":{\"@id\":\"https:\\\/\\\/lenrooney.com\\\/wp\\\/#website\"},\"primaryImageOfPage\":{\"@id\":\"https:\\\/\\\/lenrooney.com\\\/wp\\\/shop\\\/isle-saint-louis-prints\\\/#primaryimage\"},\"image\":{\"@id\":\"https:\\\/\\\/lenrooney.com\\\/wp\\\/shop\\\/isle-saint-louis-prints\\\/#primaryimage\"},\"thumbnailUrl\":\"https:\\\/\\\/lenrooney.com\\\/wp\\\/wp-content\\\/uploads\\\/2020\\\/04\\\/IsleSaintLouis-1200.jpg\",\"datePublished\":\"2001-04-03T22:13:24+00:00\",\"dateModified\":\"2024-09-05T03:17:33+00:00\",\"breadcrumb\":{\"@id\":\"https:\\\/\\\/lenrooney.com\\\/wp\\\/shop\\\/isle-saint-louis-prints\\\/#breadcrumb\"},\"inLanguage\":\"en-US\",\"potentialAction\":[{\"@type\":\"ReadAction\",\"target\":[\"https:\\\/\\\/lenrooney.com\\\/wp\\\/shop\\\/isle-saint-louis-prints\\\/\"]}]},{\"@type\":\"ImageObject\",\"inLanguage\":\"en-US\",\"@id\":\"https:\\\/\\\/lenrooney.com\\\/wp\\\/shop\\\/isle-saint-louis-prints\\\/#primaryimage\",\"url\":\"https:\\\/\\\/lenrooney.com\\\/wp\\\/wp-content\\\/uploads\\\/2020\\\/04\\\/IsleSaintLouis-1200.jpg\",\"contentUrl\":\"https:\\\/\\\/lenrooney.com\\\/wp\\\/wp-content\\\/uploads\\\/2020\\\/04\\\/IsleSaintLouis-1200.jpg\",\"width\":1200,\"height\":900},{\"@type\":\"BreadcrumbList\",\"@id\":\"https:\\\/\\\/lenrooney.com\\\/wp\\\/shop\\\/isle-saint-louis-prints\\\/#breadcrumb\",\"itemListElement\":[{\"@type\":\"ListItem\",\"position\":1,\"name\":\"Home\",\"item\":\"https:\\\/\\\/lenrooney.com\\\/wp\\\/\"},{\"@type\":\"ListItem\",\"position\":2,\"name\":\"Isle Saint Louis &#8211; Prints\"}]},{\"@type\":\"WebSite\",\"@id\":\"https:\\\/\\\/lenrooney.com\\\/wp\\\/#website\",\"url\":\"https:\\\/\\\/lenrooney.com\\\/wp\\\/\",\"name\":\"Leonard Rooney, Artist, Graphic Designer, Illustrator, Vancouver, BC, Canada\",\"description\":\"Artwork, Design, Illustration\",\"publisher\":{\"@id\":\"https:\\\/\\\/lenrooney.com\\\/wp\\\/#\\\/schema\\\/person\\\/8f4dd5f5e7bae618a81a01a149d318f3\"},\"alternateName\":\"Leonard Rooney Art, Design, Illustration\",\"potentialAction\":[{\"@type\":\"SearchAction\",\"target\":{\"@type\":\"EntryPoint\",\"urlTemplate\":\"https:\\\/\\\/lenrooney.com\\\/wp\\\/?s={search_term_string}\"},\"query-input\":{\"@type\":\"PropertyValueSpecification\",\"valueRequired\":true,\"valueName\":\"search_term_string\"}}],\"inLanguage\":\"en-US\"},{\"@type\":[\"Person\",\"Organization\"],\"@id\":\"https:\\\/\\\/lenrooney.com\\\/wp\\\/#\\\/schema\\\/person\\\/8f4dd5f5e7bae618a81a01a149d318f3\",\"name\":\"Leonard Rooney\",\"image\":{\"@type\":\"ImageObject\",\"inLanguage\":\"en-US\",\"@id\":\"https:\\\/\\\/lenrooney.com\\\/wp-content\\\/uploads\\\/2024\\\/06\\\/LRSwash-512.png\",\"url\":\"https:\\\/\\\/lenrooney.com\\\/wp-content\\\/uploads\\\/2024\\\/06\\\/LRSwash-512.png\",\"contentUrl\":\"https:\\\/\\\/lenrooney.com\\\/wp-content\\\/uploads\\\/2024\\\/06\\\/LRSwash-512.png\",\"width\":512,\"height\":512,\"caption\":\"Leonard Rooney\"},\"logo\":{\"@id\":\"https:\\\/\\\/lenrooney.com\\\/wp-content\\\/uploads\\\/2024\\\/06\\\/LRSwash-512.png\"}}]}<\/script>\n<!-- \/ Yoast SEO plugin. -->","yoast_head_json":{"title":"Isle Saint Louis - Prints - Leonard Rooney","robots":{"index":"index","follow":"follow","max-snippet":"max-snippet:-1","max-image-preview":"max-image-preview:large","max-video-preview":"max-video-preview:-1"},"canonical":"https:\/\/lenrooney.com\/wp\/shop\/isle-saint-louis-prints\/","og_locale":"en_US","og_type":"article","og_title":"Isle Saint Louis - Prints - Leonard Rooney","og_description":"Isle Saint Louis &#8211; 2001. Acrylic on canvas. Original painting size: 16&#8243; x 12&#8243; (40.6\u00a0 x 30.5 cm) In 2000, Caf\u00e9 Isle Saint Louis was one of the highly visible caf\u00e9s on Ile St-Louis, which is generally considered to be the oldest part of Paris. It has since been renamed, Caf\u00e9 Isle Saint Regis. People... Read more &raquo;","og_url":"https:\/\/lenrooney.com\/wp\/shop\/isle-saint-louis-prints\/","og_site_name":"Leonard Rooney","article_modified_time":"2024-09-05T03:17:33+00:00","og_image":[{"width":1200,"height":900,"url":"https:\/\/lenrooney.com\/wp\/wp-content\/uploads\/2020\/04\/IsleSaintLouis-1200.jpg","type":"image\/jpeg"}],"twitter_card":"summary_large_image","twitter_misc":{"Est. reading time":"2 minutes"},"schema":{"@context":"https:\/\/schema.org","@graph":[{"@type":"WebPage","@id":"https:\/\/lenrooney.com\/wp\/shop\/isle-saint-louis-prints\/","url":"https:\/\/lenrooney.com\/wp\/shop\/isle-saint-louis-prints\/","name":"Isle Saint Louis - Prints - Leonard Rooney","isPartOf":{"@id":"https:\/\/lenrooney.com\/wp\/#website"},"primaryImageOfPage":{"@id":"https:\/\/lenrooney.com\/wp\/shop\/isle-saint-louis-prints\/#primaryimage"},"image":{"@id":"https:\/\/lenrooney.com\/wp\/shop\/isle-saint-louis-prints\/#primaryimage"},"thumbnailUrl":"https:\/\/lenrooney.com\/wp\/wp-content\/uploads\/2020\/04\/IsleSaintLouis-1200.jpg","datePublished":"2001-04-03T22:13:24+00:00","dateModified":"2024-09-05T03:17:33+00:00","breadcrumb":{"@id":"https:\/\/lenrooney.com\/wp\/shop\/isle-saint-louis-prints\/#breadcrumb"},"inLanguage":"en-US","potentialAction":[{"@type":"ReadAction","target":["https:\/\/lenrooney.com\/wp\/shop\/isle-saint-louis-prints\/"]}]},{"@type":"ImageObject","inLanguage":"en-US","@id":"https:\/\/lenrooney.com\/wp\/shop\/isle-saint-louis-prints\/#primaryimage","url":"https:\/\/lenrooney.com\/wp\/wp-content\/uploads\/2020\/04\/IsleSaintLouis-1200.jpg","contentUrl":"https:\/\/lenrooney.com\/wp\/wp-content\/uploads\/2020\/04\/IsleSaintLouis-1200.jpg","width":1200,"height":900},{"@type":"BreadcrumbList","@id":"https:\/\/lenrooney.com\/wp\/shop\/isle-saint-louis-prints\/#breadcrumb","itemListElement":[{"@type":"ListItem","position":1,"name":"Home","item":"https:\/\/lenrooney.com\/wp\/"},{"@type":"ListItem","position":2,"name":"Isle Saint Louis &#8211; Prints"}]},{"@type":"WebSite","@id":"https:\/\/lenrooney.com\/wp\/#website","url":"https:\/\/lenrooney.com\/wp\/","name":"Leonard Rooney, Artist, Graphic Designer, Illustrator, Vancouver, BC, Canada","description":"Artwork, Design, Illustration","publisher":{"@id":"https:\/\/lenrooney.com\/wp\/#\/schema\/person\/8f4dd5f5e7bae618a81a01a149d318f3"},"alternateName":"Leonard Rooney Art, Design, Illustration","potentialAction":[{"@type":"SearchAction","target":{"@type":"EntryPoint","urlTemplate":"https:\/\/lenrooney.com\/wp\/?s={search_term_string}"},"query-input":{"@type":"PropertyValueSpecification","valueRequired":true,"valueName":"search_term_string"}}],"inLanguage":"en-US"},{"@type":["Person","Organization"],"@id":"https:\/\/lenrooney.com\/wp\/#\/schema\/person\/8f4dd5f5e7bae618a81a01a149d318f3","name":"Leonard Rooney","image":{"@type":"ImageObject","inLanguage":"en-US","@id":"https:\/\/lenrooney.com\/wp-content\/uploads\/2024\/06\/LRSwash-512.png","url":"https:\/\/lenrooney.com\/wp-content\/uploads\/2024\/06\/LRSwash-512.png","contentUrl":"https:\/\/lenrooney.com\/wp-content\/uploads\/2024\/06\/LRSwash-512.png","width":512,"height":512,"caption":"Leonard Rooney"},"logo":{"@id":"https:\/\/lenrooney.com\/wp-content\/uploads\/2024\/06\/LRSwash-512.png"}}]}},"_links":{"self":[{"href":"https:\/\/lenrooney.com\/wp\/wp-json\/wp\/v2\/product\/1790","targetHints":{"allow":["GET"]}}],"collection":[{"href":"https:\/\/lenrooney.com\/wp\/wp-json\/wp\/v2\/product"}],"about":[{"href":"https:\/\/lenrooney.com\/wp\/wp-json\/wp\/v2\/types\/product"}],"replies":[{"embeddable":true,"href":"https:\/\/lenrooney.com\/wp\/wp-json\/wp\/v2\/comments?post=1790"}],"wp:featuredmedia":[{"embeddable":true,"href":"https:\/\/lenrooney.com\/wp\/wp-json\/wp\/v2\/media\/699"}],"wp:attachment":[{"href":"https:\/\/lenrooney.com\/wp\/wp-json\/wp\/v2\/media?parent=1790"}],"wp:term":[{"taxonomy":"product_cat","embeddable":true,"href":"https:\/\/lenrooney.com\/wp\/wp-json\/wp\/v2\/product_cat?post=1790"},{"taxonomy":"product_tag","embeddable":true,"href":"https:\/\/lenrooney.com\/wp\/wp-json\/wp\/v2\/product_tag?post=1790"}],"curies":[{"name":"wp","href":"https:\/\/api.w.org\/{rel}","templated":true}]}}